{"id":33,"date":"2018-08-12T21:50:25","date_gmt":"2018-08-12T19:50:25","guid":{"rendered":"http:\/\/www.akabahn.de\/homepage\/?page_id=33"},"modified":"2024-10-26T17:45:29","modified_gmt":"2024-10-26T15:45:29","slug":"presse","status":"publish","type":"page","link":"https:\/\/www.akabahn.de\/homepage\/presse\/","title":{"rendered":"Der AKA Bahn in der Presse"},"content":{"rendered":"<p><a href=\"http:\/\/www.eisenbahnbetriebsfeld.de\/service-kontakt\/presse\/\" target=\"_blank\" rel=\"noopener\">Simulationsm\u00f6glichkeiten im Eisenbahnbetriebsfeld Darmstadt<\/a><br \/>\nBericht von Signal + Draht (Ausgabe 7+8\/2011)<br \/>\nvon Constanze Streitzig und Anselmo Stelzer (TU Darmstadt)<\/p>\n<p><a href=\"http:\/\/www.akabahn.de\/fileadmin\/content\/files\/presse\/2011-04-miba.pdf\" target=\"_blank\" rel=\"noopener\">Auf der Schulbank &#8211; Die Schulungsanlage des EBD in Darmstadt<\/a><br \/>\nBericht von MIBA (Ausgabe 4\/2011)<br \/>\nvon Horst Meier (nach Vorgaben vom EBD)<\/p>\n<p><a href=\"http:\/\/www.akabahn.de\/fileadmin\/content\/files\/presse\/2010-03-06-echo.pdf\" target=\"_blank\" rel=\"noopener\">M\u00e4chtige Hebel, zierliche Z\u00fcge<\/a><br \/>\nArtikel von ECHO Online<br \/>\nvom 06. M\u00e4rz 2010<\/p>\n<h2>Sie wollen einen Artikel schreiben<\/h2>\n<p>Wenn Sie einen Artikel \u00fcber den AKA Bahn oder \u00fcber das von ihm betreute Eisenbahnbetriebsfeld schreiben wollen, dann stehen wir Ihnen sehr gerne helfend zur Seite.<\/p>\n<p>Kontaktieren Sie uns einfach \u00fcber <a href=\"javascript:linkTo_UnCryptMailto('nbjmup;qsAblbcbio\/ef');\">pr(at)akabahn.de<\/a><\/p>\n\n\n<p><\/p>\n","protected":false},"excerpt":{"rendered":"<p>Simulationsm\u00f6glichkeiten im Eisenbahnbetriebsfeld Darmstadt Bericht von Signal + Draht (Ausgabe 7+8\/2011) von Constanze Streitzig und Anselmo Stelzer (TU Darmstadt) Auf der Schulbank &#8211; Die Schulungsanlage des EBD in Darmstadt Bericht von MIBA (Ausgabe 4\/2011) von Horst Meier (nach Vorgaben vom EBD) M\u00e4chtige Hebel, zierliche Z\u00fcge Artikel von ECHO Online vom 06. M\u00e4rz 2010 Sie wollen [&hellip;]<\/p>\n","protected":false},"author":2,"featured_media":0,"parent":0,"menu_order":97,"comment_status":"closed","ping_status":"closed","template":"","meta":{"footnotes":""},"class_list":["post-33","page","type-page","status-publish","hentry"],"_links":{"self":[{"href":"https:\/\/www.akabahn.de\/homepage\/wp-json\/wp\/v2\/pages\/33","targetHints":{"allow":["GET"]}}],"collection":[{"href":"https:\/\/www.akabahn.de\/homepage\/wp-json\/wp\/v2\/pages"}],"about":[{"href":"https:\/\/www.akabahn.de\/homepage\/wp-json\/wp\/v2\/types\/page"}],"author":[{"embeddable":true,"href":"https:\/\/www.akabahn.de\/homepage\/wp-json\/wp\/v2\/users\/2"}],"replies":[{"embeddable":true,"href":"https:\/\/www.akabahn.de\/homepage\/wp-json\/wp\/v2\/comments?post=33"}],"version-history":[{"count":5,"href":"https:\/\/www.akabahn.de\/homepage\/wp-json\/wp\/v2\/pages\/33\/revisions"}],"predecessor-version":[{"id":836,"href":"https:\/\/www.akabahn.de\/homepage\/wp-json\/wp\/v2\/pages\/33\/revisions\/836"}],"wp:attachment":[{"href":"https:\/\/www.akabahn.de\/homepage\/wp-json\/wp\/v2\/media?parent=33"}],"curies":[{"name":"wp","href":"https:\/\/api.w.org\/{rel}","templated":true}]}}