{"id":170,"date":"2018-09-01T21:53:15","date_gmt":"2018-09-01T19:53:15","guid":{"rendered":"http:\/\/www.akabahn.de\/homepage\/?page_id=170"},"modified":"2025-08-18T16:41:41","modified_gmt":"2025-08-18T14:41:41","slug":"akademischer-arbeitskreis-schienenverkehr-e-v","status":"publish","type":"page","link":"https:\/\/www.akabahn.de\/homepage\/","title":{"rendered":"Akademischer Arbeitskreis Schienenverkehr e. V."},"content":{"rendered":"<p>Im Jahr 1997 wurde an der Technischen Universit\u00e4t Darmstadt der Akademische Arbeitskreis Schienenverkehr e. V. (AKA Bahn e.V.) ins Leben gerufen. Seit seiner Gr\u00fcndung befasst sich der Verein mit dem Eisenbahnwesen und dort schwerpunktm\u00e4\u00dfig mit dem Sicherungswesen im Bahnbetrieb. Seit 2005 ist der AKA Bahn e.V. auch einer der drei Betreiber des Eisenbahnbetriebsfelds Darmstadt (EBD).<\/p>\n<hr \/>\n<blockquote><p>Der <strong>Tag der offenen T\u00fcr im Eisenbahnbetriebsfeld Darmstadt<\/strong> findet am <strong>Samstag, den 27.06.2026<\/strong>, von 11\u201317 Uhr statt.<\/p>\n<p>Weitere Informationen finden Sie auf der <a href=\"https:\/\/www.eisenbahnbetriebsfeld.de\/tdot\/\">Webseite des Eisenbahnbetriebsfeldes<\/a>.<\/p><\/blockquote>\n<hr \/>\n<p><strong>Was ist ein Akademischer Arbeitskreis? Und was hat das mit Eisenbahn zu tun?<\/strong><br \/>\nNun, ein Akademischer Arbeitskreis, oder kurz: ein AKA, ist ein Zusammenschlu\u00df von Studenten, die alle Interesse an einem wissenschaftlichen Gebiet haben. In unserem Fall sind es eben Leute, die sich f\u00fcr das Eisenbahnwesen interessieren. Dabei handelt es sich keineswegs nur um Bauingenieure, sondern auch Informatiker, Elektrotechniker, Maschinenbauer und andere haben sich bei uns eingefunden. Denn das Eisenbahnwesen ist nicht nur ein Gebiet f\u00fcr die planerischen Bauingenieure. Auch viele andere Institute an der TU besch\u00e4ftigen sich damit.<\/p>\n<p>Davon habt Ihr noch nichts geh\u00f6rt? Na eben, das war ja ein Grund f\u00fcr uns, aktiv zu werden, denn die Kommunikation zwischen diesen Instituten l\u00e4\u00dft zu w\u00fcnschen \u00fcbrig. Das wollen wir \u00e4ndern!<\/p>\n","protected":false},"excerpt":{"rendered":"<p>Im Jahr 1997 wurde an der Technischen Universit\u00e4t Darmstadt der Akademische Arbeitskreis Schienenverkehr e. V. (AKA Bahn e.V.) ins Leben gerufen. Seit seiner Gr\u00fcndung befasst sich der Verein mit dem Eisenbahnwesen und dort schwerpunktm\u00e4\u00dfig mit dem Sicherungswesen im Bahnbetrieb. Seit 2005 ist der AKA Bahn e.V. auch einer der drei Betreiber des Eisenbahnbetriebsfelds Darmstadt (EBD). [&hellip;]<\/p>\n","protected":false},"author":2,"featured_media":0,"parent":0,"menu_order":0,"comment_status":"closed","ping_status":"closed","template":"","meta":{"footnotes":""},"class_list":["post-170","page","type-page","status-publish","hentry"],"_links":{"self":[{"href":"https:\/\/www.akabahn.de\/homepage\/wp-json\/wp\/v2\/pages\/170","targetHints":{"allow":["GET"]}}],"collection":[{"href":"https:\/\/www.akabahn.de\/homepage\/wp-json\/wp\/v2\/pages"}],"about":[{"href":"https:\/\/www.akabahn.de\/homepage\/wp-json\/wp\/v2\/types\/page"}],"author":[{"embeddable":true,"href":"https:\/\/www.akabahn.de\/homepage\/wp-json\/wp\/v2\/users\/2"}],"replies":[{"embeddable":true,"href":"https:\/\/www.akabahn.de\/homepage\/wp-json\/wp\/v2\/comments?post=170"}],"version-history":[{"count":9,"href":"https:\/\/www.akabahn.de\/homepage\/wp-json\/wp\/v2\/pages\/170\/revisions"}],"predecessor-version":[{"id":884,"href":"https:\/\/www.akabahn.de\/homepage\/wp-json\/wp\/v2\/pages\/170\/revisions\/884"}],"wp:attachment":[{"href":"https:\/\/www.akabahn.de\/homepage\/wp-json\/wp\/v2\/media?parent=170"}],"curies":[{"name":"wp","href":"https:\/\/api.w.org\/{rel}","templated":true}]}}